{"id":156,"date":"2019-05-22T21:30:41","date_gmt":"2019-05-22T21:30:41","guid":{"rendered":"http:\/\/xn--ernhrungsberatung-kaiser-sbc.de\/?page_id=156"},"modified":"2021-10-22T12:29:55","modified_gmt":"2021-10-22T12:29:55","slug":"gesundheitsfoerderung","status":"publish","type":"page","link":"http:\/\/anja-kaiser.de\/?page_id=156","title":{"rendered":"Gesundheitsf\u00f6rderung"},"content":{"rendered":"<p>[et_pb_section fb_built=&#8220;1&#8243; fullwidth=&#8220;on&#8220; disabled_on=&#8220;off|off|off&#8220; admin_label=&#8220;Hero&#8220; _builder_version=&#8220;3.22&#8243; background_color=&#8220;#474747&#8243; parallax=&#8220;on&#8220; custom_padding=&#8220;|||&#8220; transparent_background=&#8220;on&#8220; global_colors_info=&#8220;{}&#8220;][et_pb_fullwidth_header title=&#8220;GESUNDHEITSF\u00d6RDERUNG&#8220; text_orientation=&#8220;center&#8220; subhead_font_color=&#8220;#bebebe&#8220; _builder_version=&#8220;4.11.2&#8243; title_font=&#8220;||||||||&#8220; title_text_color=&#8220;#ffffff&#8220; title_font_size=&#8220;54px&#8220; title_line_height=&#8220;1.3em&#8220; content_font=&#8220;||||||||&#8220; content_text_color=&#8220;#bfbfbf&#8220; content_font_size=&#8220;18px&#8220; subhead_font=&#8220;Montserrat||||&#8220; subhead_text_color=&#8220;#bebebe&#8220; subhead_line_height=&#8220;1.8em&#8220; background_color=&#8220;rgba(255,255,255,0)&#8220; background_image=&#8220;http:\/\/xn--ernhrungsberatung-kaiser-sbc.de\/wp-content\/uploads\/2019\/10\/Amsel-im-Gingko-min.jpg&#8220; custom_padding=&#8220;5%||5%|&#8220; animation_style=&#8220;zoom&#8220; animation_duration=&#8220;1500ms&#8220; animation_intensity_zoom=&#8220;4%&#8220; hover_enabled=&#8220;0&#8243; title_font_size_tablet=&#8220;36px&#8220; title_font_size_phone=&#8220;16px&#8220; title_font_size_last_edited=&#8220;on|phone&#8220; title_line_height_last_edited=&#8220;off|desktop&#8220; content_font_size_tablet=&#8220;&#8220; content_font_size_phone=&#8220;16px&#8220; content_font_size_last_edited=&#8220;on|phone&#8220; global_colors_info=&#8220;{}&#8220; button_one_text_size__hover_enabled=&#8220;off&#8220; button_two_text_size__hover_enabled=&#8220;off&#8220; button_one_text_color__hover_enabled=&#8220;off&#8220; button_two_text_color__hover_enabled=&#8220;off&#8220; button_one_border_width__hover_enabled=&#8220;off&#8220; button_two_border_width__hover_enabled=&#8220;off&#8220; button_one_border_color__hover_enabled=&#8220;off&#8220; button_two_border_color__hover_enabled=&#8220;off&#8220; button_one_border_radius__hover_enabled=&#8220;off&#8220; button_two_border_radius__hover_enabled=&#8220;off&#8220; button_one_letter_spacing__hover_enabled=&#8220;off&#8220; button_two_letter_spacing__hover_enabled=&#8220;off&#8220; button_one_bg_color__hover_enabled=&#8220;off&#8220; button_two_bg_color__hover_enabled=&#8220;off&#8220; background_overlay_color=&#8220;RGBA(0,0,0,0)&#8220; sticky_enabled=&#8220;0&#8243;]<\/p>\n<p>&nbsp;<\/p>\n<p><span style=\"color: #ffffff;\">Gesundheitsf\u00f6rderung beginnt mit der Sorge um sich selbst<\/span><\/p>\n<p>[\/et_pb_fullwidth_header][\/et_pb_section][et_pb_section fb_built=&#8220;1&#8243; _builder_version=&#8220;3.22&#8243; custom_padding=&#8220;53px|0px|6px|0px|false|false&#8220; global_colors_info=&#8220;{}&#8220;][et_pb_row column_structure=&#8220;3_5,2_5&#8243; custom_padding_last_edited=&#8220;on|tablet&#8220; module_class=&#8220; et_pb_row_fullwidth&#8220; _builder_version=&#8220;3.25&#8243; background_size=&#8220;initial&#8220; background_position=&#8220;top_left&#8220; background_repeat=&#8220;repeat&#8220; width=&#8220;89%&#8220; width_tablet=&#8220;80%&#8220; width_phone=&#8220;&#8220; width_last_edited=&#8220;on|desktop&#8220; max_width=&#8220;89%&#8220; max_width_tablet=&#8220;80%&#8220; max_width_phone=&#8220;&#8220; max_width_last_edited=&#8220;on|desktop&#8220; module_alignment=&#8220;left&#8220; custom_margin=&#8220;|||&#8220; custom_padding=&#8220;32px|0px|0|0px|false|false&#8220; custom_padding_tablet=&#8220;&#8220; custom_padding_phone=&#8220;&#8220; make_fullwidth=&#8220;on&#8220; custom_width_px=&#8220;1474px&#8220; global_colors_info=&#8220;{}&#8220;][et_pb_column type=&#8220;3_5&#8243; _builder_version=&#8220;3.25&#8243; background_position=&#8220;top_left&#8220; custom_padding=&#8220;|||&#8220; custom_padding_tablet=&#8220;||17px|&#8220; custom_padding_phone=&#8220;&#8220; custom_padding_last_edited=&#8220;on|tablet&#8220; global_colors_info=&#8220;{}&#8220; padding_tablet=&#8220;||17px|&#8220; padding_last_edited=&#8220;on|tablet&#8220; custom_padding__hover=&#8220;|||&#8220;][et_pb_image src=&#8220;http:\/\/xn--ernhrungsberatung-kaiser-sbc.de\/wp-content\/uploads\/2019\/09\/Marienk\u00e4fer-Harmonia-axyridis-auf-S\u00fc\u00dfdolde-Myrrhis-odorata.jpg&#8220; align_tablet=&#8220;center&#8220; align_phone=&#8220;&#8220; align_last_edited=&#8220;on|desktop&#8220; _builder_version=&#8220;3.23&#8243; custom_padding=&#8220;|0px||&#8220; animation_style=&#8220;slide&#8220; animation_direction=&#8220;right&#8220; animation_intensity_slide=&#8220;10%&#8220; box_shadow_style=&#8220;preset3&#8243; box_shadow_spread=&#8220;-13px&#8220; global_colors_info=&#8220;{}&#8220;][\/et_pb_image][\/et_pb_column][et_pb_column type=&#8220;2_5&#8243; _builder_version=&#8220;3.25&#8243; background_position=&#8220;top_left&#8220; custom_padding=&#8220;70px|0px||20px&#8220; global_colors_info=&#8220;{}&#8220; custom_padding__hover=&#8220;|||&#8220;][et_pb_text _builder_version=&#8220;3.27.4&#8243; text_font=&#8220;||||||||&#8220; header_font=&#8220;||||||||&#8220; header_2_font=&#8220;||||||||&#8220; header_2_font_size=&#8220;33px&#8220; background_size=&#8220;initial&#8220; background_position=&#8220;top_left&#8220; background_repeat=&#8220;repeat&#8220; text_orientation=&#8220;center&#8220; custom_margin=&#8220;-50px|||&#8220; custom_padding=&#8220;0px|||&#8220; locked=&#8220;off&#8220; global_colors_info=&#8220;{}&#8220;]<\/p>\n<h2 style=\"text-align: left;\">VON KLEIN BIS GRO\u00df<\/h2>\n<p>[\/et_pb_text][et_pb_text _builder_version=&#8220;3.27.4&#8243; text_font=&#8220;||||||||&#8220; text_text_color=&#8220;#515151&#8243; header_font=&#8220;||||||||&#8220; background_size=&#8220;initial&#8220; background_position=&#8220;top_left&#8220; background_repeat=&#8220;repeat&#8220; max_width=&#8220;700px&#8220; custom_margin=&#8220;|-16px||&#8220; custom_margin_tablet=&#8220;&#8220; custom_margin_phone=&#8220;|-17px||&#8220; custom_margin_last_edited=&#8220;on|phone&#8220; custom_padding=&#8220;|0px||&#8220; animation_style=&#8220;slide&#8220; animation_direction=&#8220;top&#8220; animation_intensity_slide=&#8220;4%&#8220; global_colors_info=&#8220;{}&#8220;]<\/p>\n<p style=\"font-weight: 400;\">Gut f\u00fcr sich zu sorgen ist nicht unbedingt ein nat\u00fcrlicher Prozess. Wie gut es sich anf\u00fchlt, gesund und fit zu sein, muss auch erlebt werden. Erst dann kann in uns immer wieder der Wunsch erneuert werden, etwas f\u00fcr unsere Gesundheit zu tun.<\/p>\n<p style=\"font-weight: 400;\">Und da kein Schulfach: \u201eGesundheit\u201c auf dem Stundenplan in der Grundschule steht, gibt\u00b4s <a href=\"http:\/\/xn--ernhrungsberatung-kaiser-sbc.de\/?page_id=138\">Klasse2000<\/a>.<\/p>\n<p style=\"font-weight: 400;\">Auch im Erwachsenenalter sind immer wieder kleine Interventionen notwendig um den Focus auf das Wesentliche zu lenken: Gesundheit.<\/p>\n<p style=\"font-weight: 400;\">Und Gesundheit beinhaltet mehr als nur das subjektiv empfundene Fehlen k\u00f6rperlicher Krankheiten und Gebrechen (WHO). Gesundheit ist ein Prozess der lebenslang bewusst gesteuert und gestaltet wird. Auch in einer sich st\u00e4ndig ver\u00e4ndernden Arbeitswelt.\u00a0<a href=\"http:\/\/xn--ernhrungsberatung-kaiser-sbc.de\/?page_id=125\">Betriebliches\u00a0Gesundheitsmanagement<\/a><span>\u00a0<\/span>wird von erfolgreichen Unternehmen und Institutionen nicht nur ernst genommen, sondern auch auf allen Mitarbeiterebenen gelebt.<\/p>\n<p>[\/et_pb_text][et_pb_button button_url=&#8220;http:\/\/xn--ernhrungsberatung-kaiser-sbc.de\/?page_id=300&#8243; button_text=&#8220;Jetzt kontaktieren&#8220; button_alignment=&#8220;left&#8220; disabled_on=&#8220;off|off|off&#8220; _builder_version=&#8220;4.11.2&#8243; custom_button=&#8220;on&#8220; button_text_size=&#8220;14px&#8220; button_text_color=&#8220;#FFFFFF&#8220; button_bg_color=&#8220;#F37A1F&#8220; button_border_width=&#8220;0px&#8220; button_border_color=&#8220;rgba(0,0,0,0)&#8220; button_border_radius=&#8220;0px&#8220; button_letter_spacing=&#8220;2px&#8220; button_font=&#8220;|||on|||||&#8220; button_use_icon=&#8220;off&#8220; custom_margin=&#8220;-3px||80px|&#8220; button_text_color_hover=&#8220;rgba(0,0,0,0)&#8220; button_border_radius_hover=&#8220;0px&#8220; button_letter_spacing_hover=&#8220;2px&#8220; locked=&#8220;off&#8220; global_colors_info=&#8220;{}&#8220; button_text_size__hover_enabled=&#8220;off&#8220; button_one_text_size__hover_enabled=&#8220;off&#8220; button_two_text_size__hover_enabled=&#8220;off&#8220; button_text_color__hover_enabled=&#8220;on|desktop&#8220; button_text_color__hover=&#8220;#F5CB37&#8243; button_one_text_color__hover_enabled=&#8220;off&#8220; button_two_text_color__hover_enabled=&#8220;off&#8220; button_border_width__hover_enabled=&#8220;off&#8220; button_one_border_width__hover_enabled=&#8220;off&#8220; button_two_border_width__hover_enabled=&#8220;off&#8220; button_border_color__hover_enabled=&#8220;off&#8220; button_one_border_color__hover_enabled=&#8220;off&#8220; button_two_border_color__hover_enabled=&#8220;off&#8220; button_border_radius__hover_enabled=&#8220;on&#8220; button_border_radius__hover=&#8220;0px&#8220; button_one_border_radius__hover_enabled=&#8220;off&#8220; button_two_border_radius__hover_enabled=&#8220;off&#8220; button_letter_spacing__hover_enabled=&#8220;on&#8220; button_letter_spacing__hover=&#8220;2px&#8220; button_one_letter_spacing__hover_enabled=&#8220;off&#8220; button_two_letter_spacing__hover_enabled=&#8220;off&#8220; button_bg_color__hover_enabled=&#8220;off&#8220; button_one_bg_color__hover_enabled=&#8220;off&#8220; button_two_bg_color__hover_enabled=&#8220;off&#8220;][\/et_pb_button][\/et_pb_column][\/et_pb_row][\/et_pb_section][et_pb_section fb_built=&#8220;1&#8243; admin_label=&#8220;Our Story&#8220; _builder_version=&#8220;3.22&#8243; background_color=&#8220;#ffffff&#8220; background_position=&#8220;top_left&#8220; custom_padding=&#8220;100px|0px|0|0px|false|false&#8220; collapsed=&#8220;off&#8220; global_colors_info=&#8220;{}&#8220;][et_pb_row _builder_version=&#8220;3.25&#8243; background_size=&#8220;initial&#8220; background_position=&#8220;top_left&#8220; background_repeat=&#8220;repeat&#8220; custom_margin=&#8220;|||&#8220; custom_padding=&#8220;0|0px|27px|0px|false|false&#8220; global_colors_info=&#8220;{}&#8220;][et_pb_column type=&#8220;4_4&#8243; _builder_version=&#8220;4.11.2&#8243; _module_preset=&#8220;default&#8220; global_colors_info=&#8220;{}&#8220;][et_pb_text _builder_version=&#8220;4.11.2&#8243; _module_preset=&#8220;default&#8220; global_colors_info=&#8220;{}&#8220;]<\/p>\n<p>&nbsp;<\/p>\n<p>Klasse2000 &amp; Betriebliches Gesundheitsmanagement<\/p>\n<p>[\/et_pb_text][\/et_pb_column][\/et_pb_row][\/et_pb_section]<\/p>\n","protected":false},"excerpt":{"rendered":"<p>&nbsp; Gesundheitsf\u00f6rderung beginnt mit der Sorge um sich selbstVON KLEIN BIS GRO\u00dfGut f\u00fcr sich zu sorgen ist nicht unbedingt ein nat\u00fcrlicher Prozess. Wie gut es sich anf\u00fchlt, gesund und fit zu sein, muss auch erlebt werden. Erst dann kann in uns immer wieder der Wunsch erneuert werden, etwas f\u00fcr unsere Gesundheit zu tun. Und da [&hellip;]<\/p>\n","protected":false},"author":1,"featured_media":0,"parent":0,"menu_order":0,"comment_status":"closed","ping_status":"closed","template":"","meta":{"_et_pb_use_builder":"on","_et_pb_old_content":"","_et_gb_content_width":""},"_links":{"self":[{"href":"http:\/\/anja-kaiser.de\/index.php?rest_route=\/wp\/v2\/pages\/156"}],"collection":[{"href":"http:\/\/anja-kaiser.de\/index.php?rest_route=\/wp\/v2\/pages"}],"about":[{"href":"http:\/\/anja-kaiser.de\/index.php?rest_route=\/wp\/v2\/types\/page"}],"author":[{"embeddable":true,"href":"http:\/\/anja-kaiser.de\/index.php?rest_route=\/wp\/v2\/users\/1"}],"replies":[{"embeddable":true,"href":"http:\/\/anja-kaiser.de\/index.php?rest_route=%2Fwp%2Fv2%2Fcomments&post=156"}],"version-history":[{"count":34,"href":"http:\/\/anja-kaiser.de\/index.php?rest_route=\/wp\/v2\/pages\/156\/revisions"}],"predecessor-version":[{"id":1152,"href":"http:\/\/anja-kaiser.de\/index.php?rest_route=\/wp\/v2\/pages\/156\/revisions\/1152"}],"wp:attachment":[{"href":"http:\/\/anja-kaiser.de\/index.php?rest_route=%2Fwp%2Fv2%2Fmedia&parent=156"}],"curies":[{"name":"wp","href":"https:\/\/api.w.org\/{rel}","templated":true}]}}